{"id":5974,"date":"2024-11-08T09:10:21","date_gmt":"2024-11-08T08:10:21","guid":{"rendered":"https:\/\/engagement-gr.eu\/?page_id=5974"},"modified":"2025-01-09T12:08:02","modified_gmt":"2025-01-09T11:08:02","slug":"blog-2","status":"publish","type":"page","link":"https:\/\/engagement-gr.eu\/de\/blog-2\/","title":{"rendered":"Neuigkeiten"},"content":{"rendered":"<p><div class=\"fusion-fullwidth fullwidth-box fusion-builder-row-1 fusion-flex-container has-pattern-background has-mask-background fusion-parallax-none hundred-percent-fullwidth non-hundred-percent-height-scrolling lazyload\" style=\"--awb-border-radius-top-left:0px;--awb-border-radius-top-right:0px;--awb-border-radius-bottom-right:0px;--awb-border-radius-bottom-left:0px;--awb-padding-top:160px;--awb-padding-bottom:160px;--awb-margin-bottom:80px;--awb-background-color:var(--awb-color8);--awb-background-image:linear-gradient(180deg, hsla(var(--awb-color8-h),var(--awb-color8-s),var(--awb-color8-l),calc(var(--awb-color8-a) - 65%)) 0%,hsla(var(--awb-color8-h),var(--awb-color8-s),var(--awb-color8-l),calc(var(--awb-color8-a) - 70%)) 100%);;--awb-background-size:cover;--awb-flex-wrap:wrap;\" data-bg=\"https:\/\/engagement-gr.eu\/wp-content\/uploads\/2025\/01\/news_3-scaled.jpg\" data-bg-gradient=\"linear-gradient(180deg, hsla(var(--awb-color8-h),var(--awb-color8-s),var(--awb-color8-l),calc(var(--awb-color8-a) - 65%)) 0%,hsla(var(--awb-color8-h),var(--awb-color8-s),var(--awb-color8-l),calc(var(--awb-color8-a) - 70%)) 100%)\" ><div class=\"fusion-builder-row fusion-row fusion-flex-align-items-flex-start fusion-flex-content-wrap\" style=\"width:calc( 100% + 0px ) !important;max-width:calc( 100% + 0px ) !important;margin-left: calc(-0px \/ 2 );margin-right: calc(-0px \/ 2 );\"><div class=\"fusion-layout-column fusion_builder_column fusion-builder-column-0 fusion_builder_column_1_1 1_1 fusion-flex-column\" style=\"--awb-bg-size:cover;--awb-width-large:100%;--awb-margin-top-large:0px;--awb-spacing-right-large:0px;--awb-margin-bottom-large:20px;--awb-spacing-left-large:0px;--awb-width-medium:100%;--awb-order-medium:0;--awb-spacing-right-medium:0px;--awb-spacing-left-medium:0px;--awb-width-small:100%;--awb-order-small:0;--awb-spacing-right-small:0px;--awb-spacing-left-small:0px;\" data-scroll-devices=\"small-visibility,medium-visibility,large-visibility\"><div class=\"fusion-column-wrapper fusion-column-has-shadow fusion-flex-justify-content-flex-start fusion-content-layout-column\"><div class=\"fusion-title title fusion-title-1 fusion-title-center fusion-title-text fusion-title-size-two\" style=\"--awb-text-color:var(--awb-color1);--awb-margin-top-small:0px;--awb-margin-bottom-small:20px;--awb-font-size:55px;\"><div class=\"title-sep-container title-sep-container-left\"><div class=\"title-sep sep- sep-solid\" style=\"border-color:var(--awb-color3);\"><\/div><\/div><span class=\"awb-title-spacer\"><\/span><h2 class=\"fusion-title-heading title-heading-center fusion-responsive-typography-calculated\" style=\"margin:0;text-transform:capitalize;font-size:1em;--fontSize:55;line-height:var(--awb-typography1-line-height);\">Neuigkeiten<\/h2><span class=\"awb-title-spacer\"><\/span><div class=\"title-sep-container title-sep-container-right\"><div class=\"title-sep sep- sep-solid\" style=\"border-color:var(--awb-color3);\"><\/div><\/div><\/div><\/div><\/div><\/div><\/div><div class=\"fusion-fullwidth fullwidth-box fusion-builder-row-2 fusion-flex-container has-pattern-background has-mask-background nonhundred-percent-fullwidth non-hundred-percent-height-scrolling\" style=\"--awb-border-radius-top-left:0px;--awb-border-radius-top-right:0px;--awb-border-radius-bottom-right:0px;--awb-border-radius-bottom-left:0px;--awb-flex-wrap:wrap;\" ><div class=\"fusion-builder-row fusion-row fusion-flex-align-items-flex-start fusion-flex-content-wrap\" style=\"max-width:1216.8px;margin-left: calc(-4% \/ 2 );margin-right: calc(-4% \/ 2 );\"><div class=\"fusion-layout-column fusion_builder_column fusion-builder-column-1 fusion_builder_column_1_1 1_1 fusion-flex-column\" style=\"--awb-bg-size:cover;--awb-width-large:100%;--awb-margin-top-large:0px;--awb-spacing-right-large:1.92%;--awb-margin-bottom-large:20px;--awb-spacing-left-large:1.92%;--awb-width-medium:100%;--awb-order-medium:0;--awb-spacing-right-medium:1.92%;--awb-spacing-left-medium:1.92%;--awb-width-small:100%;--awb-order-small:0;--awb-spacing-right-small:1.92%;--awb-spacing-left-small:1.92%;\"><div class=\"fusion-column-wrapper fusion-column-has-shadow fusion-flex-justify-content-flex-start fusion-content-layout-column\"><div class=\"fusion-post-cards fusion-post-cards-1 fusion-grid-archive fusion-grid-columns-4\" style=\"--awb-dots-align:center;--awb-active-filter-border-size:3px;--awb-filters-height:36px;\" data-post-type-label=\"beitr\u00e4ge\"><ul class=\"fusion-grid fusion-grid-4 fusion-flex-align-items-flex-start fusion-grid-posts-cards\"><li class=\"fusion-layout-column fusion_builder_column fusion-builder-column-2 fusion-flex-column post-card fusion-grid-column fusion-post-cards-grid-column\" style=\"--awb-bg-blend:overlay;--awb-bg-size:cover;--awb-flex-grow:0;--awb-flex-shrink:0;--awb-flex-grow-medium:0;--awb-flex-shrink-medium:0;--awb-flex-grow-small:0;--awb-flex-shrink-small:0;\"><div class=\"fusion-column-wrapper fusion-column-has-shadow fusion-flex-justify-content-flex-start fusion-content-layout-column\"><div class=\"fusion-classic-product-image-wrapper fusion-woo-product-image fusion-post-card-image fusion-post-card-image-1 product-images\" data-layout=\"crossfade\" style=\"--awb-margin-bottom:40px;\"><a href=\"https:\/\/engagement-gr.eu\/de\/start-des-projekts-engagementgr-ein-kreativer-start-in-forbach\/\" title=\"Start des Projekts Engagement&#8217;GR: ein kreativer Start in Forbach\"><div class=\"featured-image\">\n\t\t<img decoding=\"async\" width=\"1536\" height=\"878\" src=\"https:\/\/engagement-gr.eu\/wp-content\/uploads\/2024\/12\/vorschaubild_2_engagement-1536x878-1.jpg\" class=\"attachment-full size-full lazyload wp-post-image\" alt=\"\" srcset=\"data:image\/svg+xml,%3Csvg%20xmlns%3D%27http%3A%2F%2Fwww.w3.org%2F2000%2Fsvg%27%20width%3D%271536%27%20height%3D%27878%27%20viewBox%3D%270%200%201536%20878%27%3E%3Crect%20width%3D%271536%27%20height%3D%27878%27%20fill-opacity%3D%220%22%2F%3E%3C%2Fsvg%3E\" data-orig-src=\"https:\/\/engagement-gr.eu\/wp-content\/uploads\/2024\/12\/vorschaubild_2_engagement-1536x878-1.jpg\" data-srcset=\"https:\/\/engagement-gr.eu\/wp-content\/uploads\/2024\/12\/vorschaubild_2_engagement-1536x878-1-200x114.jpg 200w, https:\/\/engagement-gr.eu\/wp-content\/uploads\/2024\/12\/vorschaubild_2_engagement-1536x878-1-400x229.jpg 400w, https:\/\/engagement-gr.eu\/wp-content\/uploads\/2024\/12\/vorschaubild_2_engagement-1536x878-1-600x343.jpg 600w, https:\/\/engagement-gr.eu\/wp-content\/uploads\/2024\/12\/vorschaubild_2_engagement-1536x878-1-800x457.jpg 800w, https:\/\/engagement-gr.eu\/wp-content\/uploads\/2024\/12\/vorschaubild_2_engagement-1536x878-1-1200x686.jpg 1200w, https:\/\/engagement-gr.eu\/wp-content\/uploads\/2024\/12\/vorschaubild_2_engagement-1536x878-1.jpg 1536w\" data-sizes=\"auto\" \/>\n\t<\/div>\n<\/a><\/div><div class=\"fusion-title title fusion-title-2 fusion-title-text fusion-title-size-two\" style=\"--awb-margin-right:10px;--awb-margin-bottom:15px;--awb-margin-left:10px;--awb-margin-top-small:0px;--awb-margin-right-small:10px;--awb-margin-bottom-small:20px;--awb-margin-left-small:10px;--awb-link-color:hsla(var(--awb-color8-h),var(--awb-color8-s),calc( var(--awb-color8-l) + 16% ),var(--awb-color8-a));--awb-font-size:var(--awb-custom_typography_1-font-size);\"><div class=\"title-sep-container title-sep-container-left fusion-no-large-visibility fusion-no-medium-visibility fusion-no-small-visibility\"><div class=\"title-sep sep- sep-solid\" style=\"border-color:var(--awb-color3);\"><\/div><\/div><span class=\"awb-title-spacer fusion-no-large-visibility fusion-no-medium-visibility fusion-no-small-visibility\"><\/span><h2 class=\"fusion-title-heading title-heading-left fusion-responsive-typography-calculated\" style=\"font-family:var(--awb-custom_typography_1-font-family);font-weight:var(--awb-custom_typography_1-font-weight);font-style:var(--awb-custom_typography_1-font-style);margin:0;letter-spacing:var(--awb-custom_typography_1-letter-spacing);text-transform:var(--awb-custom_typography_1-text-transform);font-size:1em;--fontSize:19;--minFontSize:19;line-height:1.58;\"><a href=\"https:\/\/engagement-gr.eu\/de\/start-des-projekts-engagementgr-ein-kreativer-start-in-forbach\/\" class=\"awb-custom-text-color awb-custom-text-hover-color\" target=\"_self\">Start des Projekts Engagement&#8217;GR: ein kreativer Start in Forbach<\/a><\/h2><span class=\"awb-title-spacer\"><\/span><div class=\"title-sep-container title-sep-container-right\"><div class=\"title-sep sep- sep-solid\" style=\"border-color:var(--awb-color3);\"><\/div><\/div><\/div><div class=\"fusion-text fusion-text-1 fusion-text-no-margin\" style=\"--awb-margin-right:2vw;--awb-margin-bottom:20px;--awb-margin-left:10px;\"><p>Die Er\u00f6ffnungsveranstaltung des Interreg-Projekts Engagement&#8217;GR fand am 10. Oktober 2024 im Kongresszentrum Burghof in Forbach statt und versammelte etwa 150 Sch\u00fcler aus Frankreich, Deutschland, Belgien und Luxemburg. Diese Veranstaltung war der offizielle Startschuss f\u00fcr ein grenz\u00fcberschreitendes Projekt, das jungen Menschen in der Gro\u00dfregion die M\u00f6glichkeit geben soll, sich aktiv an der Gesellschaft zu beteiligen und<\/p>\n<\/div><div ><a class=\"fusion-button button-flat button-large button-custom fusion-button-default button-1 fusion-button-default-span fusion-button-default-type\" style=\"--awb-margin-left:-21px;--button_accent_color:var(--awb-color4);--button_border_color:var(--awb-color4);--button_accent_hover_color:var(--awb-color4);--button_border_hover_color:var(--awb-color4);--button_gradient_top_color:rgba(241,246,255,0);--button_gradient_bottom_color:rgba(241,246,255,0);--button_gradient_top_color_hover:rgba(0,87,255,0);--button_gradient_bottom_color_hover:rgba(0,87,255,0);--button_text_transform:capitalize;\" target=\"_self\" href=\"https:\/\/engagement-gr.eu\/de\/start-des-projekts-engagementgr-ein-kreativer-start-in-forbach\/\"><span class=\"fusion-button-text awb-button__text awb-button__text--default\">weiterlesen<\/span><\/a><\/div><div class=\"fusion-separator fusion-full-width-sep\" style=\"align-self: center;margin-left: auto;margin-right: auto;flex-grow:1;width:100%;\"><\/div><\/div><\/li>\n<li class=\"fusion-layout-column fusion_builder_column fusion-builder-column-3 fusion-flex-column post-card fusion-grid-column fusion-post-cards-grid-column\" style=\"--awb-bg-blend:overlay;--awb-bg-size:cover;--awb-flex-grow:0;--awb-flex-shrink:0;--awb-flex-grow-medium:0;--awb-flex-shrink-medium:0;--awb-flex-grow-small:0;--awb-flex-shrink-small:0;\"><div class=\"fusion-column-wrapper fusion-column-has-shadow fusion-flex-justify-content-flex-start fusion-content-layout-column\"><div class=\"fusion-classic-product-image-wrapper fusion-woo-product-image fusion-post-card-image fusion-post-card-image-1 product-images\" data-layout=\"crossfade\" style=\"--awb-margin-bottom:40px;\"><a href=\"https:\/\/engagement-gr.eu\/de\/startschuss-fuer-unsere-grenzueberschreitende-jugendbegegnung-zu-olympia-2024-in-paris\/\" title=\"Startschuss f\u00fcr unsere grenz\u00fcberschreitende Jugendbegegnung zu Olympia 2024 in Paris\"><div class=\"featured-image\">\n\t\t<img decoding=\"async\" width=\"2560\" height=\"1463\" src=\"https:\/\/engagement-gr.eu\/wp-content\/uploads\/2024\/07\/vorschaubild_3_engagement-1.jpg\" class=\"attachment-full size-full lazyload wp-post-image\" alt=\"\" srcset=\"data:image\/svg+xml,%3Csvg%20xmlns%3D%27http%3A%2F%2Fwww.w3.org%2F2000%2Fsvg%27%20width%3D%272560%27%20height%3D%271463%27%20viewBox%3D%270%200%202560%201463%27%3E%3Crect%20width%3D%272560%27%20height%3D%271463%27%20fill-opacity%3D%220%22%2F%3E%3C%2Fsvg%3E\" data-orig-src=\"https:\/\/engagement-gr.eu\/wp-content\/uploads\/2024\/07\/vorschaubild_3_engagement-1.jpg\" data-srcset=\"https:\/\/engagement-gr.eu\/wp-content\/uploads\/2024\/07\/vorschaubild_3_engagement-1-200x114.jpg 200w, https:\/\/engagement-gr.eu\/wp-content\/uploads\/2024\/07\/vorschaubild_3_engagement-1-400x229.jpg 400w, https:\/\/engagement-gr.eu\/wp-content\/uploads\/2024\/07\/vorschaubild_3_engagement-1-600x343.jpg 600w, https:\/\/engagement-gr.eu\/wp-content\/uploads\/2024\/07\/vorschaubild_3_engagement-1-800x457.jpg 800w, https:\/\/engagement-gr.eu\/wp-content\/uploads\/2024\/07\/vorschaubild_3_engagement-1-1200x686.jpg 1200w, https:\/\/engagement-gr.eu\/wp-content\/uploads\/2024\/07\/vorschaubild_3_engagement-1.jpg 2560w\" data-sizes=\"auto\" \/>\n\t<\/div>\n<\/a><\/div><div class=\"fusion-title title fusion-title-3 fusion-title-text fusion-title-size-two\" style=\"--awb-margin-right:10px;--awb-margin-bottom:15px;--awb-margin-left:10px;--awb-margin-top-small:0px;--awb-margin-right-small:10px;--awb-margin-bottom-small:20px;--awb-margin-left-small:10px;--awb-link-color:hsla(var(--awb-color8-h),var(--awb-color8-s),calc( var(--awb-color8-l) + 16% ),var(--awb-color8-a));--awb-font-size:var(--awb-custom_typography_1-font-size);\"><div class=\"title-sep-container title-sep-container-left fusion-no-large-visibility fusion-no-medium-visibility fusion-no-small-visibility\"><div class=\"title-sep sep- sep-solid\" style=\"border-color:var(--awb-color3);\"><\/div><\/div><span class=\"awb-title-spacer fusion-no-large-visibility fusion-no-medium-visibility fusion-no-small-visibility\"><\/span><h2 class=\"fusion-title-heading title-heading-left fusion-responsive-typography-calculated\" style=\"font-family:var(--awb-custom_typography_1-font-family);font-weight:var(--awb-custom_typography_1-font-weight);font-style:var(--awb-custom_typography_1-font-style);margin:0;letter-spacing:var(--awb-custom_typography_1-letter-spacing);text-transform:var(--awb-custom_typography_1-text-transform);font-size:1em;--fontSize:19;--minFontSize:19;line-height:1.58;\"><a href=\"https:\/\/engagement-gr.eu\/de\/startschuss-fuer-unsere-grenzueberschreitende-jugendbegegnung-zu-olympia-2024-in-paris\/\" class=\"awb-custom-text-color awb-custom-text-hover-color\" target=\"_self\">Startschuss f\u00fcr unsere grenz\u00fcberschreitende Jugendbegegnung zu Olympia 2024 in Paris<\/a><\/h2><span class=\"awb-title-spacer\"><\/span><div class=\"title-sep-container title-sep-container-right\"><div class=\"title-sep sep- sep-solid\" style=\"border-color:var(--awb-color3);\"><\/div><\/div><\/div><div class=\"fusion-text fusion-text-2 fusion-text-no-margin\" style=\"--awb-margin-right:2vw;--awb-margin-bottom:20px;--awb-margin-left:10px;\"><p>Mit der Auftaktveranstaltung im saarl\u00e4ndischen Merzig startet die Europ\u00e4ische Sportakademie in das INTERREG Projekt \u201eEngagement\u2019GR\u201c. In diesem EU-Projekt arbeiten wir mit 16 Partnern aus der gesamten Gro\u00dfregion zusammen, um Jugendlichen in der schulischen und au\u00dferschulischen Bildung zu st\u00e4rken. F\u00fcr uns steht dabei der Sport und seine positiven Auswirkungen auf die Entwicklung von F\u00e4higkeiten von Kinder<\/p>\n<\/div><div ><a class=\"fusion-button button-flat button-large button-custom fusion-button-default button-2 fusion-button-default-span fusion-button-default-type\" style=\"--awb-margin-left:-21px;--button_accent_color:var(--awb-color4);--button_border_color:var(--awb-color4);--button_accent_hover_color:var(--awb-color4);--button_border_hover_color:var(--awb-color4);--button_gradient_top_color:rgba(241,246,255,0);--button_gradient_bottom_color:rgba(241,246,255,0);--button_gradient_top_color_hover:rgba(0,87,255,0);--button_gradient_bottom_color_hover:rgba(0,87,255,0);--button_text_transform:capitalize;\" target=\"_self\" href=\"https:\/\/engagement-gr.eu\/de\/startschuss-fuer-unsere-grenzueberschreitende-jugendbegegnung-zu-olympia-2024-in-paris\/\"><span class=\"fusion-button-text awb-button__text awb-button__text--default\">weiterlesen<\/span><\/a><\/div><div class=\"fusion-separator fusion-full-width-sep\" style=\"align-self: center;margin-left: auto;margin-right: auto;flex-grow:1;width:100%;\"><\/div><\/div><\/li>\n<\/ul><div class=\"pagination clearfix\"><\/div><div class=\"fusion-clearfix\"><\/div><\/div><\/div><\/div><\/div><\/div><\/p>\n","protected":false},"excerpt":{"rendered":"","protected":false},"author":3,"featured_media":0,"parent":0,"menu_order":0,"comment_status":"closed","ping_status":"closed","template":"100-width.php","meta":{"_acf_changed":false,"footnotes":""},"class_list":["post-5974","page","type-page","status-publish","hentry"],"acf":[],"_links":{"self":[{"href":"https:\/\/engagement-gr.eu\/de\/wp-json\/wp\/v2\/pages\/5974","targetHints":{"allow":["GET"]}}],"collection":[{"href":"https:\/\/engagement-gr.eu\/de\/wp-json\/wp\/v2\/pages"}],"about":[{"href":"https:\/\/engagement-gr.eu\/de\/wp-json\/wp\/v2\/types\/page"}],"author":[{"embeddable":true,"href":"https:\/\/engagement-gr.eu\/de\/wp-json\/wp\/v2\/users\/3"}],"replies":[{"embeddable":true,"href":"https:\/\/engagement-gr.eu\/de\/wp-json\/wp\/v2\/comments?post=5974"}],"version-history":[{"count":4,"href":"https:\/\/engagement-gr.eu\/de\/wp-json\/wp\/v2\/pages\/5974\/revisions"}],"predecessor-version":[{"id":6164,"href":"https:\/\/engagement-gr.eu\/de\/wp-json\/wp\/v2\/pages\/5974\/revisions\/6164"}],"wp:attachment":[{"href":"https:\/\/engagement-gr.eu\/de\/wp-json\/wp\/v2\/media?parent=5974"}],"curies":[{"name":"wp","href":"https:\/\/api.w.org\/{rel}","templated":true}]}}