{"id":7026,"date":"2025-03-04T08:46:44","date_gmt":"2025-03-04T07:46:44","guid":{"rendered":"https:\/\/engagement-gr.eu\/demo-engagement\/"},"modified":"2025-05-26T18:18:50","modified_gmt":"2025-05-26T16:18:50","slug":"demo-engagement","status":"publish","type":"page","link":"https:\/\/engagement-gr.eu\/de\/demo-engagement\/","title":{"rendered":"Demo-Engagement"},"content":{"rendered":"<p><div class=\"fusion-fullwidth fullwidth-box fusion-builder-row-1 fusion-flex-container fusion-parallax-none nonhundred-percent-fullwidth non-hundred-percent-height-scrolling lazyload\" style=\"--awb-border-radius-top-left:0px;--awb-border-radius-top-right:0px;--awb-border-radius-bottom-right:0px;--awb-border-radius-bottom-left:0px;--awb-padding-top:160px;--awb-padding-bottom:160px;--awb-margin-bottom:80px;--awb-background-color:var(--awb-color8);--awb-background-image:linear-gradient(180deg, hsla(var(--awb-color8-h),var(--awb-color8-s),var(--awb-color8-l),calc(var(--awb-color8-a) - 68%)) 0%,hsla(var(--awb-color8-h),var(--awb-color8-s),var(--awb-color8-l),calc(var(--awb-color8-a) - 70%)) 100%);;--awb-background-size:cover;--awb-flex-wrap:wrap;\" data-bg=\"https:\/\/engagement-gr.eu\/wp-content\/uploads\/2025\/03\/demo_engagement.jpg\" data-bg-gradient=\"linear-gradient(180deg, hsla(var(--awb-color8-h),var(--awb-color8-s),var(--awb-color8-l),calc(var(--awb-color8-a) - 68%)) 0%,hsla(var(--awb-color8-h),var(--awb-color8-s),var(--awb-color8-l),calc(var(--awb-color8-a) - 70%)) 100%)\" ><div class=\"fusion-builder-row fusion-row fusion-flex-align-items-flex-start fusion-flex-content-wrap\" style=\"max-width:calc( 1170px + 0px );margin-left: calc(-0px \/ 2 );margin-right: calc(-0px \/ 2 );\"><div class=\"fusion-layout-column fusion_builder_column fusion-builder-column-0 fusion_builder_column_1_1 1_1 fusion-flex-column\" style=\"--awb-bg-blend:overlay;--awb-bg-size:cover;--awb-width-large:100%;--awb-margin-top-large:0px;--awb-spacing-right-large:0px;--awb-margin-bottom-large:0px;--awb-spacing-left-large:0px;--awb-width-medium:100%;--awb-spacing-right-medium:0px;--awb-spacing-left-medium:0px;--awb-width-small:100%;--awb-spacing-right-small:0px;--awb-spacing-left-small:0px;\"><div class=\"fusion-column-wrapper fusion-flex-justify-content-flex-start fusion-content-layout-column\"><div class=\"fusion-title title fusion-title-1 fusion-title-center fusion-title-text fusion-title-size-two\" style=\"--awb-text-color:var(--awb-color1);--awb-margin-top-small:0px;--awb-margin-bottom-small:20px;--awb-font-size:55px;\"><div class=\"title-sep-container title-sep-container-left\"><div class=\"title-sep sep- sep-solid\" style=\"border-color:var(--awb-color3);\"><\/div><\/div><span class=\"awb-title-spacer\"><\/span><h2 class=\"fusion-title-heading title-heading-center fusion-responsive-typography-calculated\" style=\"margin:0;text-transform:capitalize;font-size:1em;--fontSize:55;line-height:var(--awb-typography1-line-height);\">Demo-Engagement<\/h2><span class=\"awb-title-spacer\"><\/span><div class=\"title-sep-container title-sep-container-right\"><div class=\"title-sep sep- sep-solid\" style=\"border-color:var(--awb-color3);\"><\/div><\/div><\/div><\/div><\/div><\/div><\/div><div class=\"fusion-fullwidth fullwidth-box fusion-builder-row-2 fusion-flex-container nonhundred-percent-fullwidth non-hundred-percent-height-scrolling\" style=\"--awb-border-radius-top-left:0px;--awb-border-radius-top-right:0px;--awb-border-radius-bottom-right:0px;--awb-border-radius-bottom-left:0px;--awb-flex-wrap:wrap;\" ><div class=\"fusion-builder-row fusion-row fusion-flex-align-items-flex-start fusion-flex-content-wrap\" style=\"max-width:1216.8px;margin-left: calc(-4% \/ 2 );margin-right: calc(-4% \/ 2 );\"><div class=\"fusion-layout-column fusion_builder_column fusion-builder-column-1 fusion_builder_column_1_1 1_1 fusion-flex-column\" style=\"--awb-bg-blend:overlay;--awb-bg-size:cover;--awb-width-large:100%;--awb-margin-top-large:0px;--awb-spacing-right-large:1.92%;--awb-margin-bottom-large:0px;--awb-spacing-left-large:1.92%;--awb-width-medium:100%;--awb-spacing-right-medium:1.92%;--awb-spacing-left-medium:1.92%;--awb-width-small:100%;--awb-spacing-right-small:1.92%;--awb-spacing-left-small:1.92%;\"><div class=\"fusion-column-wrapper fusion-flex-justify-content-flex-start fusion-content-layout-column\"><div class=\"fusion-text fusion-text-1\"><h2>Demokratie leben und sich daran beteiligen<\/h2>\n<p>Demokratie ist mehr als ein politisches System &#8211; sie ist eine Haltung, die auf Respekt, Beteiligung und Verantwortung basiert. Demokratische Werte und Prozesse sind jedoch keine Selbstverst\u00e4ndlichkeit: Sie m\u00fcssen gelebt, gelernt und aktiv gelebt werden. Demo-Engagement setzt genau hier an und hilft jungen Menschen, eine demokratische Kultur zu verstehen, zu hinterfragen und mitzugestalten.  <\/p>\n<p><strong>Unsere Ziele<\/strong><\/p>\n<p>Mit Demo-Engagement m\u00f6chten wir junge Menschen ermutigen, ihre Stimme zu nutzen, gesellschaftliche Prozesse kritisch zu hinterfragen und Verantwortung f\u00fcr ihr Umfeld zu \u00fcbernehmen. Sie sollen lernen, dass Demokratie von aktiver Teilnahme lebt und dass jeder* seinen Beitrag leisten kann. <\/p>\n<p><strong>Wir legen besonderen Wert auf die folgenden Aspekte:<\/strong><\/p>\n<ul>\n<li>St\u00e4rkung demokratischer Werte: Die Jugendlichen besch\u00e4ftigen sich mit Grundrechten, Meinungsfreiheit, Gleichberechtigung und sozialer Vielfalt.<\/li>\n<li>Kritisches Denken f\u00f6rdern: Sie lernen, Argumente zu hinterfragen, verschiedene Perspektiven einzunehmen und fundierte Entscheidungen zu treffen.<\/li>\n<li>Partizipation greifbar machen: Ob in der Schule, in der Nachbarschaft oder in digitalen R\u00e4umen, wir zeigen jungen Menschen die M\u00f6glichkeiten, sich aktiv einzubringen und an der Gestaltung demokratischer Strukturen teilzunehmen.<\/li>\n<li>Engagement gegen Extremismus und Diskriminierung: Wir sch\u00e4rfen das Bewusstsein f\u00fcr antidemokratische Tendenzen, Fake News und Manipulation und ermutigen junge Menschen, sich f\u00fcr eine offene und tolerante Gesellschaft einzusetzen.<\/li>\n<\/ul>\n<p>Durch die St\u00e4rkung demokratischer F\u00e4higkeiten und die Schaffung von R\u00e4umen f\u00fcr soziale Teilhabe helfen wir jungen Menschen, sich heute und in Zukunft als selbstbewusste und engagierte B\u00fcrger* zu sehen.<\/p>\n<\/div><div class=\"fusion-text fusion-text-2\"><h2 style=\"--fontSize: 42; line-height: 1.35;\" data-fontsize=\"42\" data-lineheight=\"56.7px\" class=\"fusion-responsive-typography-calculated\">Anstehende Veranstaltungen<\/h2>\n<\/div><\/div><\/div><\/div><\/div><\/p>\n","protected":false},"excerpt":{"rendered":"","protected":false},"author":2,"featured_media":0,"parent":0,"menu_order":0,"comment_status":"closed","ping_status":"closed","template":"100-width.php","meta":{"_acf_changed":false,"footnotes":""},"class_list":["post-7026","page","type-page","status-publish","hentry"],"acf":[],"_links":{"self":[{"href":"https:\/\/engagement-gr.eu\/de\/wp-json\/wp\/v2\/pages\/7026","targetHints":{"allow":["GET"]}}],"collection":[{"href":"https:\/\/engagement-gr.eu\/de\/wp-json\/wp\/v2\/pages"}],"about":[{"href":"https:\/\/engagement-gr.eu\/de\/wp-json\/wp\/v2\/types\/page"}],"author":[{"embeddable":true,"href":"https:\/\/engagement-gr.eu\/de\/wp-json\/wp\/v2\/users\/2"}],"replies":[{"embeddable":true,"href":"https:\/\/engagement-gr.eu\/de\/wp-json\/wp\/v2\/comments?post=7026"}],"version-history":[{"count":4,"href":"https:\/\/engagement-gr.eu\/de\/wp-json\/wp\/v2\/pages\/7026\/revisions"}],"predecessor-version":[{"id":7161,"href":"https:\/\/engagement-gr.eu\/de\/wp-json\/wp\/v2\/pages\/7026\/revisions\/7161"}],"wp:attachment":[{"href":"https:\/\/engagement-gr.eu\/de\/wp-json\/wp\/v2\/media?parent=7026"}],"curies":[{"name":"wp","href":"https:\/\/api.w.org\/{rel}","templated":true}]}}