{"id":7029,"date":"2025-03-04T08:44:35","date_gmt":"2025-03-04T07:44:35","guid":{"rendered":"https:\/\/engagement-gr.eu\/digi-engagement\/"},"modified":"2025-05-26T18:18:34","modified_gmt":"2025-05-26T16:18:34","slug":"digi-engagement","status":"publish","type":"page","link":"https:\/\/engagement-gr.eu\/de\/digi-engagement\/","title":{"rendered":"Digi-Engagement"},"content":{"rendered":"<p><div class=\"fusion-fullwidth fullwidth-box fusion-builder-row-1 fusion-flex-container fusion-parallax-none nonhundred-percent-fullwidth non-hundred-percent-height-scrolling lazyload\" style=\"--awb-border-radius-top-left:0px;--awb-border-radius-top-right:0px;--awb-border-radius-bottom-right:0px;--awb-border-radius-bottom-left:0px;--awb-padding-top:160px;--awb-padding-bottom:160px;--awb-margin-bottom:80px;--awb-background-color:var(--awb-color8);--awb-background-image:linear-gradient(180deg, hsla(var(--awb-color8-h),var(--awb-color8-s),var(--awb-color8-l),calc(var(--awb-color8-a) - 68%)) 0%,hsla(var(--awb-color8-h),var(--awb-color8-s),var(--awb-color8-l),calc(var(--awb-color8-a) - 70%)) 100%);;--awb-background-size:cover;--awb-flex-wrap:wrap;\" data-bg=\"https:\/\/engagement-gr.eu\/wp-content\/uploads\/2025\/03\/digi_engagement.jpg\" data-bg-gradient=\"linear-gradient(180deg, hsla(var(--awb-color8-h),var(--awb-color8-s),var(--awb-color8-l),calc(var(--awb-color8-a) - 68%)) 0%,hsla(var(--awb-color8-h),var(--awb-color8-s),var(--awb-color8-l),calc(var(--awb-color8-a) - 70%)) 100%)\" ><div class=\"fusion-builder-row fusion-row fusion-flex-align-items-flex-start fusion-flex-content-wrap\" style=\"max-width:calc( 1170px + 0px );margin-left: calc(-0px \/ 2 );margin-right: calc(-0px \/ 2 );\"><div class=\"fusion-layout-column fusion_builder_column fusion-builder-column-0 fusion_builder_column_1_1 1_1 fusion-flex-column\" style=\"--awb-bg-blend:overlay;--awb-bg-size:cover;--awb-width-large:100%;--awb-margin-top-large:0px;--awb-spacing-right-large:0px;--awb-margin-bottom-large:0px;--awb-spacing-left-large:0px;--awb-width-medium:100%;--awb-spacing-right-medium:0px;--awb-spacing-left-medium:0px;--awb-width-small:100%;--awb-spacing-right-small:0px;--awb-spacing-left-small:0px;\"><div class=\"fusion-column-wrapper fusion-flex-justify-content-flex-start fusion-content-layout-column\"><div class=\"fusion-title title fusion-title-1 fusion-title-center fusion-title-text fusion-title-size-two\" style=\"--awb-text-color:var(--awb-color1);--awb-margin-top-small:0px;--awb-margin-bottom-small:20px;--awb-font-size:55px;\"><div class=\"title-sep-container title-sep-container-left\"><div class=\"title-sep sep- sep-solid\" style=\"border-color:var(--awb-color3);\"><\/div><\/div><span class=\"awb-title-spacer\"><\/span><h2 class=\"fusion-title-heading title-heading-center fusion-responsive-typography-calculated\" style=\"margin:0;text-transform:capitalize;font-size:1em;--fontSize:55;line-height:var(--awb-typography1-line-height);\">Digi-Engagement<\/h2><span class=\"awb-title-spacer\"><\/span><div class=\"title-sep-container title-sep-container-right\"><div class=\"title-sep sep- sep-solid\" style=\"border-color:var(--awb-color3);\"><\/div><\/div><\/div><\/div><\/div><\/div><\/div><div class=\"fusion-fullwidth fullwidth-box fusion-builder-row-2 fusion-flex-container nonhundred-percent-fullwidth non-hundred-percent-height-scrolling\" style=\"--awb-border-radius-top-left:0px;--awb-border-radius-top-right:0px;--awb-border-radius-bottom-right:0px;--awb-border-radius-bottom-left:0px;--awb-flex-wrap:wrap;\" ><div class=\"fusion-builder-row fusion-row fusion-flex-align-items-flex-start fusion-flex-content-wrap\" style=\"max-width:1216.8px;margin-left: calc(-4% \/ 2 );margin-right: calc(-4% \/ 2 );\"><div class=\"fusion-layout-column fusion_builder_column fusion-builder-column-1 fusion_builder_column_1_1 1_1 fusion-flex-column\" style=\"--awb-bg-blend:overlay;--awb-bg-size:cover;--awb-width-large:100%;--awb-margin-top-large:0px;--awb-spacing-right-large:1.92%;--awb-margin-bottom-large:0px;--awb-spacing-left-large:1.92%;--awb-width-medium:100%;--awb-spacing-right-medium:1.92%;--awb-spacing-left-medium:1.92%;--awb-width-small:100%;--awb-spacing-right-small:1.92%;--awb-spacing-left-small:1.92%;\"><div class=\"fusion-column-wrapper fusion-flex-justify-content-flex-start fusion-content-layout-column\"><div class=\"fusion-text fusion-text-1\"><h2>St\u00e4rkung der Medienkompetenz und der digitalen Bildung<\/h2>\n<p>Die Digitalisierung und K\u00fcnstliche Intelligenz ver\u00e4ndern unsere Gesellschaft &#8211; sie er\u00f6ffnet neue Kommunikationswege, Arbeitsmethoden und Ausdrucksm\u00f6glichkeiten. Doch diese Chancen gehen auch mit Herausforderungen einher: Desinformation, Datenschutz, Cybermobbing und algorithmische Verzerrungen beeinflussen unseren Alltag. Digi-Engagement setzt genau hier an und hilft jungen Menschen, die digitale Welt kompetent, \u00fcberlegt und verantwortungsvoll zu nutzen.<\/p>\n<p><strong>Unsere Ziele<\/strong><\/p>\n<p>Mit Digi-Engagement m\u00f6chten wir junge Menschen dazu bef\u00e4higen, sich sicher und kritisch im digitalen Raum zu bewegen. Sie sollen nicht nur zu Konsumenten, sondern auch zu aktiven Gestaltern der digitalen Gesellschaft werden &#8211; mit einem Bewusstsein f\u00fcr ethische Fragen, digitale Rechte und die Auswirkungen neuer Technologien.<\/p>\n<p><strong>In diesem Zusammenhang legen wir besonderen Wert auf folgende Aspekte:<\/strong><\/p>\n<ul>\n<li>Digitale Selbstbestimmung: Junge Menschen lernen, ihre pers\u00f6nlichen Daten zu sch\u00fctzen, soziale Medien souver\u00e4n zu nutzen und sicher im Internet zu surfen.<\/li>\n<li>Kritischer Medienkonsum: In einer Zeit des Informations\u00fcberflusses ist es unerl\u00e4sslich, Falschmeldungen von seri\u00f6sen Quellen zu unterscheiden, Algorithmen zu hinterfragen und Manipulationstechniken zu erkennen.<\/li>\n<li>Digitale Kreativit\u00e4t und Innovation: Junge Menschen werden ermutigt, digitale Werkzeuge nicht nur passiv zu nutzen, sondern sie aktiv f\u00fcr die Bildung, soziale Projekte und kreative Ausdrucksformen einzusetzen.<\/li>\n<li>Demokratische Teilhabe im digitalen Raum: Digitale Medien erm\u00f6glichen neue Formen der Mitbestimmung und der gesellschaftlichen Teilhabe &#8211; von Online-Petitionen \u00fcber sozialen Aktivismus bis hin zu digitaler B\u00fcrgerbeteiligung.<\/li>\n<\/ul>\n<p>Durch die St\u00e4rkung der digitalen Bildung und der Medienkompetenz bereiten wir junge Menschen darauf vor, die digitale Welt nicht nur zu verstehen, sondern auch aktiv an ihr teilzunehmen &#8211; auf verantwortungsvolle, kreative und engagierte Weise.<\/p>\n<\/div><div class=\"fusion-text fusion-text-2\"><h2 style=\"--fontSize: 42; line-height: 1.35;\" data-fontsize=\"42\" data-lineheight=\"56.7px\" class=\"fusion-responsive-typography-calculated\">Anstehende Veranstaltungen<\/h2>\n<\/div><\/div><\/div><\/div><\/div><\/p>\n","protected":false},"excerpt":{"rendered":"","protected":false},"author":2,"featured_media":0,"parent":0,"menu_order":0,"comment_status":"closed","ping_status":"closed","template":"100-width.php","meta":{"_acf_changed":false,"footnotes":""},"class_list":["post-7029","page","type-page","status-publish","hentry"],"acf":[],"_links":{"self":[{"href":"https:\/\/engagement-gr.eu\/de\/wp-json\/wp\/v2\/pages\/7029","targetHints":{"allow":["GET"]}}],"collection":[{"href":"https:\/\/engagement-gr.eu\/de\/wp-json\/wp\/v2\/pages"}],"about":[{"href":"https:\/\/engagement-gr.eu\/de\/wp-json\/wp\/v2\/types\/page"}],"author":[{"embeddable":true,"href":"https:\/\/engagement-gr.eu\/de\/wp-json\/wp\/v2\/users\/2"}],"replies":[{"embeddable":true,"href":"https:\/\/engagement-gr.eu\/de\/wp-json\/wp\/v2\/comments?post=7029"}],"version-history":[{"count":4,"href":"https:\/\/engagement-gr.eu\/de\/wp-json\/wp\/v2\/pages\/7029\/revisions"}],"predecessor-version":[{"id":7160,"href":"https:\/\/engagement-gr.eu\/de\/wp-json\/wp\/v2\/pages\/7029\/revisions\/7160"}],"wp:attachment":[{"href":"https:\/\/engagement-gr.eu\/de\/wp-json\/wp\/v2\/media?parent=7029"}],"curies":[{"name":"wp","href":"https:\/\/api.w.org\/{rel}","templated":true}]}}