{"id":7045,"date":"2025-03-04T08:41:50","date_gmt":"2025-03-04T07:41:50","guid":{"rendered":"https:\/\/engagement-gr.eu\/crea-green-engagement\/"},"modified":"2025-05-26T18:17:56","modified_gmt":"2025-05-26T16:17:56","slug":"crea-green-engagement","status":"publish","type":"page","link":"https:\/\/engagement-gr.eu\/de\/crea-green-engagement\/","title":{"rendered":"Crea-Green-Engagement"},"content":{"rendered":"<p><div class=\"fusion-fullwidth fullwidth-box fusion-builder-row-1 fusion-flex-container fusion-parallax-none nonhundred-percent-fullwidth non-hundred-percent-height-scrolling lazyload\" style=\"--awb-border-radius-top-left:0px;--awb-border-radius-top-right:0px;--awb-border-radius-bottom-right:0px;--awb-border-radius-bottom-left:0px;--awb-padding-top:160px;--awb-padding-bottom:160px;--awb-margin-bottom:80px;--awb-background-color:var(--awb-color8);--awb-background-image:linear-gradient(180deg, hsla(var(--awb-color8-h),var(--awb-color8-s),var(--awb-color8-l),calc(var(--awb-color8-a) - 68%)) 0%,hsla(var(--awb-color8-h),var(--awb-color8-s),var(--awb-color8-l),calc(var(--awb-color8-a) - 70%)) 100%);;--awb-background-size:cover;--awb-flex-wrap:wrap;\" data-bg=\"https:\/\/engagement-gr.eu\/wp-content\/uploads\/2025\/03\/crea-green.jpg\" data-bg-gradient=\"linear-gradient(180deg, hsla(var(--awb-color8-h),var(--awb-color8-s),var(--awb-color8-l),calc(var(--awb-color8-a) - 68%)) 0%,hsla(var(--awb-color8-h),var(--awb-color8-s),var(--awb-color8-l),calc(var(--awb-color8-a) - 70%)) 100%)\" ><div class=\"fusion-builder-row fusion-row fusion-flex-align-items-flex-start fusion-flex-content-wrap\" style=\"max-width:calc( 1170px + 0px );margin-left: calc(-0px \/ 2 );margin-right: calc(-0px \/ 2 );\"><div class=\"fusion-layout-column fusion_builder_column fusion-builder-column-0 fusion_builder_column_1_1 1_1 fusion-flex-column\" style=\"--awb-bg-blend:overlay;--awb-bg-size:cover;--awb-width-large:100%;--awb-margin-top-large:0px;--awb-spacing-right-large:0px;--awb-margin-bottom-large:0px;--awb-spacing-left-large:0px;--awb-width-medium:100%;--awb-spacing-right-medium:0px;--awb-spacing-left-medium:0px;--awb-width-small:100%;--awb-spacing-right-small:0px;--awb-spacing-left-small:0px;\"><div class=\"fusion-column-wrapper fusion-flex-justify-content-flex-start fusion-content-layout-column\"><div class=\"fusion-title title fusion-title-1 fusion-title-center fusion-title-text fusion-title-size-two\" style=\"--awb-text-color:var(--awb-color1);--awb-margin-top-small:0px;--awb-margin-bottom-small:20px;--awb-font-size:55px;\"><div class=\"title-sep-container title-sep-container-left\"><div class=\"title-sep sep- sep-solid\" style=\"border-color:var(--awb-color3);\"><\/div><\/div><span class=\"awb-title-spacer\"><\/span><h2 class=\"fusion-title-heading title-heading-center fusion-responsive-typography-calculated\" style=\"margin:0;text-transform:capitalize;font-size:1em;--fontSize:55;line-height:var(--awb-typography1-line-height);\">Crea-Green-Engagement<\/h2><span class=\"awb-title-spacer\"><\/span><div class=\"title-sep-container title-sep-container-right\"><div class=\"title-sep sep- sep-solid\" style=\"border-color:var(--awb-color3);\"><\/div><\/div><\/div><\/div><\/div><\/div><\/div><div class=\"fusion-fullwidth fullwidth-box fusion-builder-row-2 fusion-flex-container nonhundred-percent-fullwidth non-hundred-percent-height-scrolling\" style=\"--awb-border-radius-top-left:0px;--awb-border-radius-top-right:0px;--awb-border-radius-bottom-right:0px;--awb-border-radius-bottom-left:0px;--awb-flex-wrap:wrap;\" ><div class=\"fusion-builder-row fusion-row fusion-flex-align-items-flex-start fusion-flex-content-wrap\" style=\"max-width:1216.8px;margin-left: calc(-4% \/ 2 );margin-right: calc(-4% \/ 2 );\"><div class=\"fusion-layout-column fusion_builder_column fusion-builder-column-1 fusion_builder_column_1_1 1_1 fusion-flex-column\" style=\"--awb-bg-blend:overlay;--awb-bg-size:cover;--awb-width-large:100%;--awb-margin-top-large:0px;--awb-spacing-right-large:1.92%;--awb-margin-bottom-large:0px;--awb-spacing-left-large:1.92%;--awb-width-medium:100%;--awb-spacing-right-medium:1.92%;--awb-spacing-left-medium:1.92%;--awb-width-small:100%;--awb-spacing-right-small:1.92%;--awb-spacing-left-small:1.92%;\"><div class=\"fusion-column-wrapper fusion-flex-justify-content-flex-start fusion-content-layout-column\"><div class=\"fusion-text fusion-text-1\"><h2>F\u00f6rderung von Nachhaltigkeit und Kreativit\u00e4t<\/h2>\n<p>Unsere Gesellschaft steht vor gro\u00dfen \u00f6kologischen und sozialen Herausforderungen. Klimawandel, Ressourcenknappheit und Umweltzerst\u00f6rung erfordern innovative L\u00f6sungen und ein Umdenken in vielen Bereichen. Das Engagement von Crea-Green setzt genau hier an und verbindet die Bildung f\u00fcr nachhaltige Entwicklung (BNE) mit der Kunst- und Kulturerziehung, um junge Menschen zu motivieren, sich kreativ und aktiv f\u00fcr eine nachhaltige Zukunft einzusetzen.<\/p>\n<p><strong>Unsere Ziele<\/strong><\/p>\n<p>Crea-Green m\u00f6chten wir jungen Menschen zeigen, dass nachhaltiges Handeln nicht nur notwendig ist, sondern auch inspiriert und gestaltet werden kann. Sie sollen lernen, angesichts \u00f6kologischer Herausforderungen kritisch zu denken und kreative Ausdrucksformen zu nutzen, um ihre Ideen und Visionen sichtbar zu machen. Denn nachhaltige Entwicklung bedeutet nicht nur, sich der Umwelt bewusst zu sein, sondern auch, kulturell und sozial verantwortlich zu handeln.<\/p>\n<p><strong>Wir legen besonderen Wert auf die folgenden Aspekte:<\/strong><\/p>\n<ul>\n<li>Nachhaltiges Denken und Handeln f\u00f6rdern: Die Jugendlichen setzen sich mit Themen wie Klimaschutz, Ressourcenschonung und sozialem Wandel auseinander.<\/li>\n<li>Kreativit\u00e4t als Werkzeug einsetzen: Kunst, Design und kulturelle Ausdrucksformen helfen dabei, komplexe \u00f6kologische Fragen verst\u00e4ndlich zu machen und innovative L\u00f6sungen zu entwickeln.<\/li>\n<li>St\u00e4rkung der Eigeninitiative und des Engagements : Die Jugendlichen lernen, wie sie selbst aktiv werden und nachhaltige Projekte in ihrem Umfeld umsetzen k\u00f6nnen.<\/li>\n<li>Erkennen der Zusammenh\u00e4nge zwischen Kultur und Umwelt: Sie lernen, wie Kunst, Musik, Theater oder digitale Medien eingesetzt werden k\u00f6nnen, um das Bewusstsein f\u00fcr die Umwelt zu sch\u00e4rfen und Ver\u00e4nderungen einzuleiten.<\/li>\n<\/ul>\n<p>Indem wir Nachhaltigkeit mit kreativer Bildung verbinden, schaffen wir Raum f\u00fcr neue Ideen und inspirieren junge Menschen dazu, sich aktiv f\u00fcr eine lebenswerte Zukunft einzusetzen.<\/p>\n<\/div><div class=\"fusion-text fusion-text-2\"><\/p>\n<\/div><\/div><\/div><\/div><\/div><\/p>\n","protected":false},"excerpt":{"rendered":"","protected":false},"author":2,"featured_media":0,"parent":0,"menu_order":0,"comment_status":"closed","ping_status":"closed","template":"100-width.php","meta":{"_acf_changed":false,"footnotes":""},"class_list":["post-7045","page","type-page","status-publish","hentry"],"acf":[],"_links":{"self":[{"href":"https:\/\/engagement-gr.eu\/de\/wp-json\/wp\/v2\/pages\/7045","targetHints":{"allow":["GET"]}}],"collection":[{"href":"https:\/\/engagement-gr.eu\/de\/wp-json\/wp\/v2\/pages"}],"about":[{"href":"https:\/\/engagement-gr.eu\/de\/wp-json\/wp\/v2\/types\/page"}],"author":[{"embeddable":true,"href":"https:\/\/engagement-gr.eu\/de\/wp-json\/wp\/v2\/users\/2"}],"replies":[{"embeddable":true,"href":"https:\/\/engagement-gr.eu\/de\/wp-json\/wp\/v2\/comments?post=7045"}],"version-history":[{"count":4,"href":"https:\/\/engagement-gr.eu\/de\/wp-json\/wp\/v2\/pages\/7045\/revisions"}],"predecessor-version":[{"id":7158,"href":"https:\/\/engagement-gr.eu\/de\/wp-json\/wp\/v2\/pages\/7045\/revisions\/7158"}],"wp:attachment":[{"href":"https:\/\/engagement-gr.eu\/de\/wp-json\/wp\/v2\/media?parent=7045"}],"curies":[{"name":"wp","href":"https:\/\/api.w.org\/{rel}","templated":true}]}}