{"id":7052,"date":"2025-03-04T08:37:42","date_gmt":"2025-03-04T07:37:42","guid":{"rendered":"https:\/\/engagement-gr.eu\/pro-engagement\/"},"modified":"2025-10-26T21:20:54","modified_gmt":"2025-10-26T20:20:54","slug":"pro-engagement","status":"publish","type":"page","link":"https:\/\/engagement-gr.eu\/de\/pro-engagement\/","title":{"rendered":"Pro-Engagement"},"content":{"rendered":"<p><div class=\"fusion-fullwidth fullwidth-box fusion-builder-row-1 fusion-flex-container fusion-parallax-none nonhundred-percent-fullwidth non-hundred-percent-height-scrolling lazyload\" style=\"--awb-border-radius-top-left:0px;--awb-border-radius-top-right:0px;--awb-border-radius-bottom-right:0px;--awb-border-radius-bottom-left:0px;--awb-padding-top:160px;--awb-padding-bottom:160px;--awb-margin-bottom:80px;--awb-background-color:var(--awb-color8);--awb-background-image:linear-gradient(180deg, hsla(var(--awb-color8-h),var(--awb-color8-s),var(--awb-color8-l),calc(var(--awb-color8-a) - 68%)) 0%,hsla(var(--awb-color8-h),var(--awb-color8-s),var(--awb-color8-l),calc(var(--awb-color8-a) - 70%)) 100%);;--awb-background-size:cover;--awb-flex-wrap:wrap;\" data-bg=\"https:\/\/engagement-gr.eu\/wp-content\/uploads\/2025\/03\/pro_engagement.jpg\" data-bg-gradient=\"linear-gradient(180deg, hsla(var(--awb-color8-h),var(--awb-color8-s),var(--awb-color8-l),calc(var(--awb-color8-a) - 68%)) 0%,hsla(var(--awb-color8-h),var(--awb-color8-s),var(--awb-color8-l),calc(var(--awb-color8-a) - 70%)) 100%)\" ><div class=\"fusion-builder-row fusion-row fusion-flex-align-items-flex-start fusion-flex-content-wrap\" style=\"max-width:calc( 1170px + 0px );margin-left: calc(-0px \/ 2 );margin-right: calc(-0px \/ 2 );\"><div class=\"fusion-layout-column fusion_builder_column fusion-builder-column-0 fusion_builder_column_1_1 1_1 fusion-flex-column\" style=\"--awb-bg-blend:overlay;--awb-bg-size:cover;--awb-width-large:100%;--awb-margin-top-large:0px;--awb-spacing-right-large:0px;--awb-margin-bottom-large:0px;--awb-spacing-left-large:0px;--awb-width-medium:100%;--awb-spacing-right-medium:0px;--awb-spacing-left-medium:0px;--awb-width-small:100%;--awb-spacing-right-small:0px;--awb-spacing-left-small:0px;\"><div class=\"fusion-column-wrapper fusion-flex-justify-content-flex-start fusion-content-layout-column\"><div class=\"fusion-title title fusion-title-1 fusion-title-center fusion-title-text fusion-title-size-two\" style=\"--awb-text-color:var(--awb-color1);--awb-margin-top-small:0px;--awb-margin-bottom-small:20px;--awb-font-size:55px;\"><div class=\"title-sep-container title-sep-container-left\"><div class=\"title-sep sep- sep-solid\" style=\"border-color:var(--awb-color3);\"><\/div><\/div><span class=\"awb-title-spacer\"><\/span><h2 class=\"fusion-title-heading title-heading-center fusion-responsive-typography-calculated\" style=\"margin:0;text-transform:capitalize;font-size:1em;--fontSize:55;line-height:var(--awb-typography1-line-height);\">Pro-Engagement<\/h2><span class=\"awb-title-spacer\"><\/span><div class=\"title-sep-container title-sep-container-right\"><div class=\"title-sep sep- sep-solid\" style=\"border-color:var(--awb-color3);\"><\/div><\/div><\/div><\/div><\/div><\/div><\/div><div class=\"fusion-fullwidth fullwidth-box fusion-builder-row-2 fusion-flex-container nonhundred-percent-fullwidth non-hundred-percent-height-scrolling\" style=\"--awb-border-radius-top-left:0px;--awb-border-radius-top-right:0px;--awb-border-radius-bottom-right:0px;--awb-border-radius-bottom-left:0px;--awb-flex-wrap:wrap;\" ><div class=\"fusion-builder-row fusion-row fusion-flex-align-items-flex-start fusion-flex-content-wrap\" style=\"max-width:1216.8px;margin-left: calc(-4% \/ 2 );margin-right: calc(-4% \/ 2 );\"><div class=\"fusion-layout-column fusion_builder_column fusion-builder-column-1 fusion_builder_column_1_1 1_1 fusion-flex-column\" style=\"--awb-bg-blend:overlay;--awb-bg-size:cover;--awb-width-large:100%;--awb-margin-top-large:0px;--awb-spacing-right-large:1.92%;--awb-margin-bottom-large:0px;--awb-spacing-left-large:1.92%;--awb-width-medium:100%;--awb-spacing-right-medium:1.92%;--awb-spacing-left-medium:1.92%;--awb-width-small:100%;--awb-spacing-right-small:1.92%;--awb-spacing-left-small:1.92%;\"><div class=\"fusion-column-wrapper fusion-flex-justify-content-flex-start fusion-content-layout-column\"><div class=\"fusion-text fusion-text-1\"><h2>Mit Berufsberatung die Zukunft gestalten.<\/h2>\n<p>Der \u00dcbergang von der Schule ins Berufsleben ist ein entscheidender Schritt voller Herausforderungen f\u00fcr junge Menschen . Fehlende Orientierung, Unsicherheit \u00fcber die eigenen St\u00e4rken und mangelndes Wissen \u00fcber berufliche M\u00f6glichkeiten k\u00f6nnen diesen Prozess erschweren. Pro-Engagement setzt genau hier an und begleitet die Jugendlichen bei der aktiven Gestaltung ihrer Zukunft &#8211; indem es ihnen hilft, ihr Selbstvertrauen zu st\u00e4rken, Eigeninitiative aufzuwerten und ihnen so eine klare Vorstellung von ihren beruflichen Chancen zu vermitteln.<\/p>\n<p><strong>Unsere Ziele<\/strong><\/p>\n<p>Mit Pro-Engagement m\u00f6chten wir jungen Menschen helfen, ihre Interessen zu erforschen, ihre St\u00e4rken zu erkennen und sich auf ihren beruflichen Werdegang vorzubereiten. Wir f\u00f6rdern ihre F\u00e4higkeit, Verantwortung f\u00fcr ihre eigene Zukunft zu \u00fcbernehmen, und zeigen ihnen, dass Berufsberatung mehr ist als die Wahl eines Arbeitsplatzes &#8211; sie ist ein Schritt in Richtung ihrer sozialen Integration und pers\u00f6nlichen Entfaltung.<\/p>\n<p><strong>Wir legen besonderen Wert auf die folgenden Aspekte:<\/strong><\/p>\n<ul>\n<li>F\u00f6rderung von Selbstwirksamkeit und Eigeninitiative: Die Jugendlichen lernen, ihre Potenziale zu erkennen, ihre Ziele zu formulieren und aktiv an ihrer beruflichen Zukunft zu arbeiten.<\/li>\n<li>Berufsm\u00f6glichkeiten erkunden: Anhand praktischer Situationen lernen sie verschiedene Berufsfelder und -wege kennen.<\/li>\n<li>Entwicklung von Kompetenzen f\u00fcr die Arbeitswelt: Neben fachlichen Kenntnissen sollen soziale, kommunikative und organisatorische Kompetenzen erworben werden, die f\u00fcr ihren sp\u00e4teren beruflichen Werdegang entscheidend sind.<\/li>\n<\/ul>\n<p>Indem wir junge Menschen in ihrem Orientierungsprozess begleiten und ihnen einen praktischen Einblick geben, schaffen wir die Grundlage f\u00fcr eine bewusste, selbstbestimmte und engagierte Zukunft.<\/p>\n<\/div><div class=\"fusion-text fusion-text-2\"><h2 class=\"fusion-responsive-typography-calculated\" style=\"--fontsize: 42; line-height: 1.35;\" data-fontsize=\"42\" data-lineheight=\"56.7px\">Anstehende Veranstaltungen<\/h2>\n<\/div><\/div><\/div><\/div><\/div><\/p>\n","protected":false},"excerpt":{"rendered":"","protected":false},"author":2,"featured_media":0,"parent":0,"menu_order":0,"comment_status":"closed","ping_status":"closed","template":"100-width.php","meta":{"_acf_changed":false,"footnotes":""},"class_list":["post-7052","page","type-page","status-publish","hentry"],"acf":[],"_links":{"self":[{"href":"https:\/\/engagement-gr.eu\/de\/wp-json\/wp\/v2\/pages\/7052","targetHints":{"allow":["GET"]}}],"collection":[{"href":"https:\/\/engagement-gr.eu\/de\/wp-json\/wp\/v2\/pages"}],"about":[{"href":"https:\/\/engagement-gr.eu\/de\/wp-json\/wp\/v2\/types\/page"}],"author":[{"embeddable":true,"href":"https:\/\/engagement-gr.eu\/de\/wp-json\/wp\/v2\/users\/2"}],"replies":[{"embeddable":true,"href":"https:\/\/engagement-gr.eu\/de\/wp-json\/wp\/v2\/comments?post=7052"}],"version-history":[{"count":5,"href":"https:\/\/engagement-gr.eu\/de\/wp-json\/wp\/v2\/pages\/7052\/revisions"}],"predecessor-version":[{"id":7206,"href":"https:\/\/engagement-gr.eu\/de\/wp-json\/wp\/v2\/pages\/7052\/revisions\/7206"}],"wp:attachment":[{"href":"https:\/\/engagement-gr.eu\/de\/wp-json\/wp\/v2\/media?parent=7052"}],"curies":[{"name":"wp","href":"https:\/\/api.w.org\/{rel}","templated":true}]}}